{"id":1791,"date":"2017-03-06T13:06:11","date_gmt":"2017-03-06T12:06:11","guid":{"rendered":"https:\/\/www.coaching-im-business.de\/loesungen-fuer-unternehmen\/"},"modified":"2024-03-19T15:41:08","modified_gmt":"2024-03-19T14:41:08","slug":"business","status":"publish","type":"page","link":"https:\/\/bca-hamburg.de\/en\/business\/","title":{"rendered":"Business"},"content":{"rendered":"<div class=\"wpb-content-wrapper\"><p>[vc_section][vc_row el_class=&#8221;content-box&#8221; css=&#8221;.vc_custom_1710859266394{margin-top: 70px !important;margin-bottom: 45px !important;}&#8221;][vc_column width=&#8221;1\/6&#8243;][\/vc_column][vc_column width=&#8221;1\/4&#8243;][vc_raw_html el_class=&#8221;dreiklang-titel EyesomeScript&#8221;]JTNDaDIlM0VCdXNpbmVzcyUzQyUyRmgyJTNF[\/vc_raw_html][\/vc_column][vc_column width=&#8221;1\/4&#8243;][vc_raw_html]JTNDaW1nJTIwY2xhc3MlM0QlMjJhbGlnbm5vbmUlMjBzaXplLWZ1bGwlMjB3cC1pbWFnZS00NjM4JTIyJTIwc3JjJTNEJTIyaHR0cHMlM0ElMkYlMkZ3d3cuY29hY2hpbmctaW0tYnVzaW5lc3MuZGUlMkZ3cC1jb250ZW50JTJGdXBsb2FkcyUyRjIwMjQlMkYwMiUyRmljb24tYnVzaW5lc3MucG5nJTIyJTIwYWx0JTNEJTIyQkNBJTIwQnVzaW5lc3MlMjBDb2FjaGluZyUyMEFrYWRlbWllJTIyJTIwd2lkdGglM0QlMjIxNTAlMjIlMjBoZWlnaHQlM0QlMjIxNTAlMjIlMjAlMkYlM0U=[\/vc_raw_html][\/vc_column][\/vc_row][vc_row el_class=&#8221;content-box&#8221; css=&#8221;.vc_custom_1575479207665{margin-bottom: 40px !important;}&#8221;][vc_column width=&#8221;1\/6&#8243;][\/vc_column][vc_column width=&#8221;4\/6&#8243;][vc_column_text css=&#8221;.vc_custom_1536672250185{margin-bottom: 30px !important;}&#8221;]<\/p>\n<h1>What Would you like to change in Your Company?<\/h1>\n<p>[\/vc_column_text][vc_column_text css=&#8221;.vc_custom_1510752075216{margin-bottom: 30px !important;}&#8221;]Let\u2019s tackle this together! We will support you in finding the appropriate approach for your goals and desire for change, and for creating a sustainable and successful change process. And along the way, you will gain a substantial amount of change competencies and, thus, you will develop more and more into an actual change maker.<br \/>\nOur change experts will gladly advise and support you in accordance with your individual needs and requirements. They will be at your service with their dedication and expertise in the areas leadership, cooperation or corporate culture.[\/vc_column_text][vc_column_text css=&#8221;.vc_custom_1510752209952{margin-bottom: 30px !important;}&#8221;]<\/p>\n<h2>Successfully Implementing Big and Small Changes<\/h2>\n<p>[\/vc_column_text][vc_column_text css=&#8221;.vc_custom_1554303365390{margin-right: 0px !important;}&#8221;]There is no cookie cutter approach to change. It is a highly individual process. We are essentially always looking for a solution which will cause an actual and lasting change upon implementation. For this purpose, we create an individual process by selecting from our following range of services.<\/p>\n<h3>Our offers for you<\/h3>\n<ul>\n<li><a href=\"https:\/\/bca-hamburg.de\/en\/business\/leadership-development\/\">Leadership Development<\/a><\/li>\n<li><a href=\"https:\/\/bca-hamburg.de\/en\/business\/process-facilitation\/\">Process Facilitation<\/a><\/li>\n<li><a href=\"https:\/\/bca-hamburg.de\/en\/business\/teambuilding\/\">Teambuilding<\/a><\/li>\n<li><a href=\"https:\/\/bca-hamburg.de\/en\/business\/mediation-and-moderation\/\">Mediation and Moderation<\/a><\/li>\n<li><a href=\"https:\/\/bca-hamburg.de\/en\/business\/workshops-and-seminaries\/\">Workshops and Seminars<\/a><\/li>\n<\/ul>\n<p>[\/vc_column_text][\/vc_column][vc_column width=&#8221;1\/6&#8243;][\/vc_column][\/vc_row][\/vc_section][vc_section css=&#8221;.vc_custom_1710856783619{padding-bottom: 20px !important;}&#8221; el_class=&#8221;hg_hellgrau&#8221;][vc_row el_class=&#8221;content-box&#8221; el_id=&#8221;bg-pattern-01&#8243; css=&#8221;.vc_custom_1621972740461{padding-top: 75px !important;padding-bottom: 70px !important;}&#8221;][vc_column width=&#8221;1\/6&#8243;][\/vc_column][vc_column width=&#8221;2\/3&#8243;][vc_column_text css=&#8221;.vc_custom_1710857285156{padding-bottom: 35px !important;}&#8221; el_class=&#8221;EyesomeScript&#8221;]<\/p>\n<h2>Our customers about us<\/h2>\n<p>[\/vc_column_text][vc_separator color=&#8221;custom&#8221; accent_color=&#8221;rgba(0,0,0,0.01)&#8221; el_id=&#8221;clear_both&#8221;]    <div class=\"supercrsl supercarousel7457 \" data-carouseloptions=\"eyJzb3VyY2UiOiJDb250ZW50IiwicmVzcERlc2t0b3AiOiJ2aXNpYmxlIiwiZGVza3RvcFZpc2libGUiOiIxIiwiZGVza3RvcFZpc2libGVIZWlnaHQiOiJhdXRvIiwiZGVza3RvcFdpZHRoIjoiMjAwIiwiZGVza3RvcFdpZHRoSGVpZ2h0IjoiYXV0byIsImRlc2t0b3BIZWlnaHQiOiIyMDAiLCJyZXNwTGFwdG9wIjoidmlzaWJsZSIsImxhcHRvcFZpc2libGUiOiIxIiwibGFwdG9wVmlzaWJsZUhlaWdodCI6ImF1dG8iLCJsYXB0b3BXaWR0aCI6IjIwMCIsImxhcHRvcFdpZHRoSGVpZ2h0IjoiYXV0byIsImxhcHRvcEhlaWdodCI6IjIwMCIsInJlc3BUYWJsZXQiOiJ2aXNpYmxlIiwidGFibGV0VmlzaWJsZSI6IjEiLCJ0YWJsZXRWaXNpYmxlSGVpZ2h0IjoiYXV0byIsInRhYmxldFdpZHRoIjoiMjAwIiwidGFibGV0V2lkdGhIZWlnaHQiOiJhdXRvIiwidGFibGV0SGVpZ2h0IjoiMjAwIiwicmVzcE1vYmlsZSI6InZpc2libGUiLCJtb2JpbGVWaXNpYmxlIjoiMSIsIm1vYmlsZVZpc2libGVIZWlnaHQiOiJhdXRvIiwibW9iaWxlV2lkdGgiOiIyMDAiLCJtb2JpbGVXaWR0aEhlaWdodCI6ImF1dG8iLCJtb2JpbGVIZWlnaHQiOiIyMDAiLCJkaXJlY3Rpb24iOiJsZWZ0IiwiZWZmZWN0Ijoic2xpZGUiLCJlYXNpbmciOiJzd2luZyIsImVhc2luZ1RpbWUiOiI0MDAiLCJzdGVwIjoiMSIsImF1dG8iOiIwIiwicGF1c2VUaW1lIjoiMzAwMCIsInBhdXNlT3ZlciI6IjAiLCJhdXRvc2Nyb2xsIjoiMCIsInNjcm9sbHNwZWVkIjoiMSIsImF1dG9IZWlnaHQiOiIxIiwic2xpZGVHYXAiOiIxIiwibmV4dFByZXYiOiIxIiwiYXJyb3dTdHlsZSI6InN0eWxlMS1ibGFjayIsImFycm93c091dCI6IjAiLCJjaXJjdWxhciI6IjEiLCJtb3VzZVdoZWVsIjoiMCIsInN3aXBlIjoiMCIsImtleXMiOiIwIiwicGFnaW5nIjoiMCIsIndyYXBwZXJfY2xhc3MiOiIiLCJub19jYXJvdXNlbF9tZXNzYWdlIjoiTm8gaW1hZ2VzIGZvdW5kIiwicmFuZG9taXplIjoiMCIsInN1cGVyaGlkZGVuIjoiMCIsImN1c3RvbXJlc3BtaW4iOltdLCJjdXN0b21yZXNwbWF4IjpbXSwiY3VzdG9tcmVzcGJ5IjpbXSwiY3VzdG9tcmVzcHZpc2libGUiOltdLCJjdXN0b21yZXNwd2lkdGgiOltdLCJjdXN0b21yZXNwaGVpZ2h0IjpbXSwiY3VzdG9tcmVzcHZpc2libGVoZWlnaHQiOltdLCJjdXN0b21yZXNwd2lkdGhoZWlnaHQiOltdLCJjYXJvdXNlbGlkIjo3NDU3fQ==\">\n        <div class=\"supercarousel\">\n                            <div>\n                    <div class=\"super_content superelement0\"><div class=\"zitat_text\"><em>\"Bettina Seidel-Whitelaw is a master at how to think her way into team structures, how to ignite team spirit by implementing exciting tools and methods and, at the same time, how to show each team member his or her own potential and that of others. My team incredibly enjoyed the workshop - the feedback was extremely positive, and the \u201cWE\u201d-feeling is still noticeable today.\"<\/em><\/div>\r\n<div class=\"zitat_name\">Director, ECE Projektmanagement GmbH &amp; Co. KG<\/div><\/div>                <\/div>\n                            <div>\n                    <div class=\"super_content superelement0\"><div class=\"zitat_text\"><em>\"Martina, these were two great, eventful and instructive days! Every day, I get new, positive feedback from my team. I can\u2019t recall ever being so fired-up after such a meeting. I feel great and full of energy! Thank you very much.\"<\/em><\/div>\r\n<div class=\"zitat_name\">Sebastian Schull, Sales Director, Sennheiser Vertrieb &amp; Service<\/div><\/div>                <\/div>\n                    <\/div>\n        <div class=\"clear\"><\/div>\n                    <a class=\"superprev super_style1-black\" href=\"javascript: void(0);\"><span>prev<\/span><\/a>\n            <a class=\"supernext super_style1-black\" href=\"javascript: void(0);\"><span>next<\/span><\/a>\n                <div class=\"pagination\"><\/div>\n    <\/div>\n[\/vc_column][vc_column width=&#8221;1\/6&#8243;][\/vc_column][\/vc_row][\/vc_section][vc_section full_width=&#8221;stretch_row&#8221; css=&#8221;.vc_custom_1490296537431{margin-top: 43px !important;padding-bottom: 75px !important;}&#8221; el_class=&#8221;icon-links&#8221;][vc_row css=&#8221;.vc_custom_1489525997464{margin-top: 0px !important;margin-bottom: 0px !important;padding-right: 15px !important;padding-left: 15px !important;}&#8221; el_class=&#8221;content-box&#8221; el_id=&#8221;icon-link-wrapper&#8221;][vc_column width=&#8221;1\/3&#8243; css=&#8221;.vc_custom_1489524919413{margin-right: 30px !important;}&#8221;][vc_column_text]<a href=\"inquiry\" target=\"_blank\" rel=\"noopener noreferrer\"><i class=\"frage-Icon\"><\/i><span class=\"icon-button-text\">I have a question<\/span><\/a>[\/vc_column_text][\/vc_column][vc_column width=&#8221;1\/3&#8243; css=&#8221;.vc_custom_1606130659701{padding-right: 70px !important;}&#8221;][vc_column_text]<a href=\"appointment\" target=\"_blank\" rel=\"noopener noreferrer\"><i class=\"termin-Icon\"><\/i><span class=\"icon-button-text\">I would like to make an appointment<\/span><\/a>[\/vc_column_text][\/vc_column][vc_column width=&#8221;1\/3&#8243; css=&#8221;.vc_custom_1606130825653{padding-right: 100px !important;}&#8221;][vc_column_text]<a href=\"https:\/\/bca-hamburg.de\/wp-content\/themes\/bca\/vCard\/BCA-Business-Coaching-Akademie.vcf\"><i class=\"kontakt-Icon\"><\/i><span class=\"icon-button-text\">Add BCA to my contacts<\/span><\/a>[\/vc_column_text][\/vc_column][\/vc_row][\/vc_section]<\/p>\n<\/div>","protected":false},"excerpt":{"rendered":"<p>[vc_section][vc_row el_class=&#8221;content-box&#8221; css=&#8221;.vc_custom_1710859266394{margin-top: 70px !important;margin-bottom: 45px !important;}&#8221;][vc_column width=&#8221;1\/6&#8243;][\/vc_column][vc_column width=&#8221;1\/4&#8243;][vc_raw_html el_class=&#8221;dreiklang-titel EyesomeScript&#8221;]JTNDaDIlM0VCdXNpbmVzcyUzQyUyRmgyJTNF[\/vc_raw_html][\/vc_column][vc_column width=&#8221;1\/4&#8243;][vc_raw_html]JTNDaW1nJTIwY2xhc3MlM0QlMjJhbGlnbm5vbmUlMjBzaXplLWZ1bGwlMjB3cC1pbWFnZS00NjM4JTIyJTIwc3JjJTNEJTIyaHR0cHMlM0ElMkYlMkZ3d3cuY29hY2hpbmctaW0tYnVzaW5lc3MuZGUlMkZ3cC1jb250ZW50JTJGdXBsb2FkcyUyRjIwMjQlMkYwMiUyRmljb24tYnVzaW5lc3MucG5nJTIyJTIwYWx0JTNEJTIyQkNBJTIwQnVzaW5lc3MlMjBDb2FjaGluZyUyMEFrYWRlbWllJTIyJTIwd2lkdGglM0QlMjIxNTAlMjIlMjBoZWlnaHQlM0QlMjIxNTAlMjIlMjAlMkYlM0U=[\/vc_raw_html][\/vc_column][\/vc_row][vc_row el_class=&#8221;content-box&#8221; css=&#8221;.vc_custom_1575479207665{margin-bottom: 40px !important;}&#8221;][vc_column width=&#8221;1\/6&#8243;][\/vc_column][vc_column width=&#8221;4\/6&#8243;][vc_column_text css=&#8221;.vc_custom_1536672250185{margin-bottom: 30px !important;}&#8221;] What Would you like to change in Your Company? [\/vc_column_text][vc_column_text css=&#8221;.vc_custom_1510752075216{margin-bottom: 30px !important;}&#8221;]Let\u2019s tackle this together! We will support you in finding the appropriate approach for your goals and desire for change, and for [&hellip;]<\/p>\n","protected":false},"author":5,"featured_media":4563,"parent":0,"menu_order":0,"comment_status":"closed","ping_status":"closed","template":"","meta":{"footnotes":""},"class_list":["post-1791","page","type-page","status-publish","has-post-thumbnail","hentry"],"yoast_head":"<!-- This site is optimized with the Yoast SEO plugin v27.4 - https:\/\/yoast.com\/product\/yoast-seo-wordpress\/ -->\n<title>Business: Coaching, Moderation, Mediation - BCA Hamburg &amp; L\u00fcbeck<\/title>\n<meta name=\"description\" content=\"Ver\u00e4nderungsprozesse in Unternehmen erfolgreich gestalten. F\u00fchrungskr\u00e4fte Coaching und Team Coaching als Grundlage f\u00fcr eine Konfliktmoderation.\" \/>\n<meta name=\"robots\" content=\"index, follow, max-snippet:-1, max-image-preview:large, max-video-preview:-1\" \/>\n<link rel=\"canonical\" href=\"https:\/\/bca-hamburg.de\/en\/business\/\" \/>\n<meta property=\"og:locale\" content=\"en_US\" \/>\n<meta property=\"og:type\" content=\"article\" \/>\n<meta property=\"og:title\" content=\"Business: Coaching, Moderation, Mediation - BCA Hamburg &amp; L\u00fcbeck\" \/>\n<meta property=\"og:description\" content=\"Ver\u00e4nderungsprozesse in Unternehmen erfolgreich gestalten. F\u00fchrungskr\u00e4fte Coaching und Team Coaching als Grundlage f\u00fcr eine Konfliktmoderation.\" \/>\n<meta property=\"og:url\" content=\"https:\/\/bca-hamburg.de\/en\/business\/\" \/>\n<meta property=\"og:site_name\" content=\"BCA Business Coaching Akademie Hamburg\" \/>\n<meta property=\"article:modified_time\" content=\"2024-03-19T14:41:08+00:00\" \/>\n<meta property=\"og:image\" content=\"https:\/\/bca-hamburg.de\/wp-content\/uploads\/2019\/04\/bca-business-2.jpg\" \/>\n\t<meta property=\"og:image:width\" content=\"1280\" \/>\n\t<meta property=\"og:image:height\" content=\"560\" \/>\n\t<meta property=\"og:image:type\" content=\"image\/jpeg\" \/>\n<meta name=\"twitter:card\" content=\"summary_large_image\" \/>\n<meta name=\"twitter:label1\" content=\"Est. reading time\" \/>\n\t<meta name=\"twitter:data1\" content=\"2 minutes\" \/>\n<script type=\"application\/ld+json\" class=\"yoast-schema-graph\">{\"@context\":\"https:\\\/\\\/schema.org\",\"@graph\":[{\"@type\":\"WebPage\",\"@id\":\"https:\\\/\\\/bca-hamburg.de\\\/en\\\/business\\\/\",\"url\":\"https:\\\/\\\/bca-hamburg.de\\\/en\\\/business\\\/\",\"name\":\"Business: Coaching, Moderation, Mediation - BCA Hamburg & L\u00fcbeck\",\"isPartOf\":{\"@id\":\"https:\\\/\\\/bca-hamburg.de\\\/#website\"},\"primaryImageOfPage\":{\"@id\":\"https:\\\/\\\/bca-hamburg.de\\\/en\\\/business\\\/#primaryimage\"},\"image\":{\"@id\":\"https:\\\/\\\/bca-hamburg.de\\\/en\\\/business\\\/#primaryimage\"},\"thumbnailUrl\":\"https:\\\/\\\/bca-hamburg.de\\\/wp-content\\\/uploads\\\/2019\\\/04\\\/bca-business-2.jpg\",\"datePublished\":\"2017-03-06T12:06:11+00:00\",\"dateModified\":\"2024-03-19T14:41:08+00:00\",\"description\":\"Ver\u00e4nderungsprozesse in Unternehmen erfolgreich gestalten. F\u00fchrungskr\u00e4fte Coaching und Team Coaching als Grundlage f\u00fcr eine Konfliktmoderation.\",\"breadcrumb\":{\"@id\":\"https:\\\/\\\/bca-hamburg.de\\\/en\\\/business\\\/#breadcrumb\"},\"inLanguage\":\"en-US\",\"potentialAction\":[{\"@type\":\"ReadAction\",\"target\":[\"https:\\\/\\\/bca-hamburg.de\\\/en\\\/business\\\/\"]}]},{\"@type\":\"ImageObject\",\"inLanguage\":\"en-US\",\"@id\":\"https:\\\/\\\/bca-hamburg.de\\\/en\\\/business\\\/#primaryimage\",\"url\":\"https:\\\/\\\/bca-hamburg.de\\\/wp-content\\\/uploads\\\/2019\\\/04\\\/bca-business-2.jpg\",\"contentUrl\":\"https:\\\/\\\/bca-hamburg.de\\\/wp-content\\\/uploads\\\/2019\\\/04\\\/bca-business-2.jpg\",\"width\":1280,\"height\":560},{\"@type\":\"BreadcrumbList\",\"@id\":\"https:\\\/\\\/bca-hamburg.de\\\/en\\\/business\\\/#breadcrumb\",\"itemListElement\":[{\"@type\":\"ListItem\",\"position\":1,\"name\":\"Startseite\",\"item\":\"https:\\\/\\\/bca-hamburg.de\\\/en\\\/\"},{\"@type\":\"ListItem\",\"position\":2,\"name\":\"Business\"}]},{\"@type\":\"WebSite\",\"@id\":\"https:\\\/\\\/bca-hamburg.de\\\/#website\",\"url\":\"https:\\\/\\\/bca-hamburg.de\\\/\",\"name\":\"BCA Business Coaching Akademie Hamburg\",\"description\":\"Bettina Seidel-Whitelaw\",\"potentialAction\":[{\"@type\":\"SearchAction\",\"target\":{\"@type\":\"EntryPoint\",\"urlTemplate\":\"https:\\\/\\\/bca-hamburg.de\\\/?s={search_term_string}\"},\"query-input\":{\"@type\":\"PropertyValueSpecification\",\"valueRequired\":true,\"valueName\":\"search_term_string\"}}],\"inLanguage\":\"en-US\"}]}<\/script>\n<!-- \/ Yoast SEO plugin. -->","yoast_head_json":{"title":"Business: Coaching, Moderation, Mediation - BCA Hamburg & L\u00fcbeck","description":"Ver\u00e4nderungsprozesse in Unternehmen erfolgreich gestalten. F\u00fchrungskr\u00e4fte Coaching und Team Coaching als Grundlage f\u00fcr eine Konfliktmoderation.","robots":{"index":"index","follow":"follow","max-snippet":"max-snippet:-1","max-image-preview":"max-image-preview:large","max-video-preview":"max-video-preview:-1"},"canonical":"https:\/\/bca-hamburg.de\/en\/business\/","og_locale":"en_US","og_type":"article","og_title":"Business: Coaching, Moderation, Mediation - BCA Hamburg & L\u00fcbeck","og_description":"Ver\u00e4nderungsprozesse in Unternehmen erfolgreich gestalten. F\u00fchrungskr\u00e4fte Coaching und Team Coaching als Grundlage f\u00fcr eine Konfliktmoderation.","og_url":"https:\/\/bca-hamburg.de\/en\/business\/","og_site_name":"BCA Business Coaching Akademie Hamburg","article_modified_time":"2024-03-19T14:41:08+00:00","og_image":[{"width":1280,"height":560,"url":"https:\/\/bca-hamburg.de\/wp-content\/uploads\/2019\/04\/bca-business-2.jpg","type":"image\/jpeg"}],"twitter_card":"summary_large_image","twitter_misc":{"Est. reading time":"2 minutes"},"schema":{"@context":"https:\/\/schema.org","@graph":[{"@type":"WebPage","@id":"https:\/\/bca-hamburg.de\/en\/business\/","url":"https:\/\/bca-hamburg.de\/en\/business\/","name":"Business: Coaching, Moderation, Mediation - BCA Hamburg & L\u00fcbeck","isPartOf":{"@id":"https:\/\/bca-hamburg.de\/#website"},"primaryImageOfPage":{"@id":"https:\/\/bca-hamburg.de\/en\/business\/#primaryimage"},"image":{"@id":"https:\/\/bca-hamburg.de\/en\/business\/#primaryimage"},"thumbnailUrl":"https:\/\/bca-hamburg.de\/wp-content\/uploads\/2019\/04\/bca-business-2.jpg","datePublished":"2017-03-06T12:06:11+00:00","dateModified":"2024-03-19T14:41:08+00:00","description":"Ver\u00e4nderungsprozesse in Unternehmen erfolgreich gestalten. F\u00fchrungskr\u00e4fte Coaching und Team Coaching als Grundlage f\u00fcr eine Konfliktmoderation.","breadcrumb":{"@id":"https:\/\/bca-hamburg.de\/en\/business\/#breadcrumb"},"inLanguage":"en-US","potentialAction":[{"@type":"ReadAction","target":["https:\/\/bca-hamburg.de\/en\/business\/"]}]},{"@type":"ImageObject","inLanguage":"en-US","@id":"https:\/\/bca-hamburg.de\/en\/business\/#primaryimage","url":"https:\/\/bca-hamburg.de\/wp-content\/uploads\/2019\/04\/bca-business-2.jpg","contentUrl":"https:\/\/bca-hamburg.de\/wp-content\/uploads\/2019\/04\/bca-business-2.jpg","width":1280,"height":560},{"@type":"BreadcrumbList","@id":"https:\/\/bca-hamburg.de\/en\/business\/#breadcrumb","itemListElement":[{"@type":"ListItem","position":1,"name":"Startseite","item":"https:\/\/bca-hamburg.de\/en\/"},{"@type":"ListItem","position":2,"name":"Business"}]},{"@type":"WebSite","@id":"https:\/\/bca-hamburg.de\/#website","url":"https:\/\/bca-hamburg.de\/","name":"BCA Business Coaching Akademie Hamburg","description":"Bettina Seidel-Whitelaw","potentialAction":[{"@type":"SearchAction","target":{"@type":"EntryPoint","urlTemplate":"https:\/\/bca-hamburg.de\/?s={search_term_string}"},"query-input":{"@type":"PropertyValueSpecification","valueRequired":true,"valueName":"search_term_string"}}],"inLanguage":"en-US"}]}},"_links":{"self":[{"href":"https:\/\/bca-hamburg.de\/en\/wp-json\/wp\/v2\/pages\/1791","targetHints":{"allow":["GET"]}}],"collection":[{"href":"https:\/\/bca-hamburg.de\/en\/wp-json\/wp\/v2\/pages"}],"about":[{"href":"https:\/\/bca-hamburg.de\/en\/wp-json\/wp\/v2\/types\/page"}],"author":[{"embeddable":true,"href":"https:\/\/bca-hamburg.de\/en\/wp-json\/wp\/v2\/users\/5"}],"replies":[{"embeddable":true,"href":"https:\/\/bca-hamburg.de\/en\/wp-json\/wp\/v2\/comments?post=1791"}],"version-history":[{"count":11,"href":"https:\/\/bca-hamburg.de\/en\/wp-json\/wp\/v2\/pages\/1791\/revisions"}],"predecessor-version":[{"id":10250,"href":"https:\/\/bca-hamburg.de\/en\/wp-json\/wp\/v2\/pages\/1791\/revisions\/10250"}],"wp:featuredmedia":[{"embeddable":true,"href":"https:\/\/bca-hamburg.de\/en\/wp-json\/wp\/v2\/media\/4563"}],"wp:attachment":[{"href":"https:\/\/bca-hamburg.de\/en\/wp-json\/wp\/v2\/media?parent=1791"}],"curies":[{"name":"wp","href":"https:\/\/api.w.org\/{rel}","templated":true}]}}