{"id":4376,"date":"2019-04-01T09:58:24","date_gmt":"2019-04-01T07:58:24","guid":{"rendered":"https:\/\/www.coaching-im-business.de\/?page_id=4376"},"modified":"2024-09-25T15:30:09","modified_gmt":"2024-09-25T13:30:09","slug":"coaching-knowledge-for-beginners","status":"publish","type":"page","link":"https:\/\/bca-hamburg.de\/en\/akademie\/coaching-knowledge-for-beginners\/","title":{"rendered":"Coaching Knowledge for Beginners"},"content":{"rendered":"<div class=\"wpb-content-wrapper\"><p>[vc_section full_width=&#8221;stretch_row&#8221; css=&#8221;.vc_custom_1490192439950{padding-top: 30px !important;}&#8221;][vc_row el_class=&#8221;content-box&#8221; css=&#8221;.vc_custom_1490380047466{margin-bottom: 50px !important;}&#8221;][vc_column width=&#8221;1\/6&#8243;][\/vc_column][vc_column width=&#8221;4\/6&#8243;][vc_column_text css=&#8221;.vc_custom_1553180353631{margin-bottom: 30px !important;}&#8221;]<\/p>\n<h1>Coaching dialogues at the workplace \u2013 leading them with confidence and in a solution-oriented way<\/h1>\n<p>[\/vc_column_text][vc_column_text css=&#8221;.vc_custom_1575485339759{margin-bottom: 20px !important;}&#8221;]This further education programme is designed for newcomers to coaching and employees in positions of trust (e.g. in Human Resources, on the workers\u2019 council or most trusted employees), who would like to develop the basic tools to lead their first coaching dialogues in a goal-oriented and confident way in their companies.<\/p>\n<p>In addition to learning the basic tools, you will also concern yourself with your own matters and attitudes and, thereby, work on your personal further development. To support others well within the framework of a coaching dialogue, it is helpful to become more aware of your own views and attitudes. In a practical manner and within the framework of this programme, we work on your matters and professional issues and situations. By means of theoretical input and practical exercises, in 4 modules each consisting of 3 hours, you will learn how to listen carefully, to lead dialogues in a solution-oriented way and to specifically pay attention to things about which professional and trustworthy conversations are concerned.<\/p>\n<h3>You will learn how to use the following basic tools:<\/h3>\n<ul>\n<li>Solution-oriented questions<\/li>\n<li>Raising your degree of self-effectiveness \u2013 changing your external impact<\/li>\n<li>Gaining the feeling of security and confidence in challenging situations<\/li>\n<li>Specific use of language (Meta-model)<\/li>\n<li>Changing perspectives<\/li>\n<li>Phases in a coaching dialogue<\/li>\n<li>Definition of well-formed goals<\/li>\n<li>Systemic basic principles<\/li>\n<\/ul>\n<p>What\u2019s more, you will be provided with the helpful basic knowledge of the dynamics of change processes and learn which topics are appropriate, or less appropriate, for coaching dialogues and when it is the right time to call in an expert.<\/p>\n<p>A coaching dialogue at the workplace can help to discuss a matter or a colleague\u2019s problem in a trusting framework so that he or she, on the one hand, feels understood and taken seriously and, on the other hand, simultaneously receives new impulses to develop his or her own solution to the matter.[\/vc_column_text][\/vc_column][vc_column width=&#8221;1\/6&#8243;][\/vc_column][\/vc_row][vc_row el_class=&#8221;content-box&#8221; css=&#8221;.vc_custom_1575482054031{margin-bottom: 20px !important;}&#8221;][vc_column width=&#8221;1\/6&#8243;][\/vc_column][vc_column width=&#8221;4\/6&#8243;][vc_column_text css=&#8221;.vc_custom_1553180381063{margin-bottom: 30px !important;}&#8221;]<\/p>\n<h1>Dates, location and price<\/h1>\n<p>[\/vc_column_text][vc_column_text css=&#8221;.vc_custom_1727271003895{margin-bottom: 20px !important;}&#8221;]<strong>Programme:<\/strong>12 hours, divided into individually tailored module sessions of 2-3 hours, or, for multiple participants, into 2 training days. Dates arranged by mutual agreement.<\/p>\n<p><strong>Fees: <\/strong>The total fee is \u20ac3,500 plus VAT. For groups of 2 participants and up to a maximum of 8 participants, we offer a tiered discount:<\/p>\n<ul>\n<li>For 2 participants: \u20ac5,500<\/li>\n<li>For 3-8 participants: \u20ac7,500<\/li>\n<\/ul>\n<p>All fees are exclusive of VAT. Additional room and catering costs may apply if necessary.<\/p>\n<p><strong>Location of course<\/strong>: BCA Business Coaching Akademie GmbH &amp; Co. KG, Wandsbeker Zollstra\u00dfe 5a, 22041 Hamburg or branch location: Geniner Stra\u00dfe 120, 23560 L\u00fcbeck[\/vc_column_text][\/vc_column][vc_column width=&#8221;1\/6&#8243;][\/vc_column][\/vc_row][\/vc_section][vc_section css=&#8221;.vc_custom_1710856609945{padding-bottom: 20px !important;}&#8221; el_class=&#8221;hg_hellgrau&#8221;][vc_row el_class=&#8221;content-box&#8221; el_id=&#8221;bg-pattern-01&#8243; css=&#8221;.vc_custom_1710856619912{padding-top: 70px !important;padding-bottom: 90px !important;}&#8221;][vc_column width=&#8221;1\/6&#8243;][\/vc_column][vc_column width=&#8221;2\/3&#8243;][vc_column_text css=&#8221;.vc_custom_1710857212427{padding-bottom: 35px !important;}&#8221; el_class=&#8221;EyesomeScript&#8221;]<\/p>\n<h2>Our customers about us<\/h2>\n<p>[\/vc_column_text][vc_column_text][\/vc_column_text]    <div class=\"supercrsl supercarousel7452 \" data-carouseloptions=\"eyJzb3VyY2UiOiJDb250ZW50IiwicmVzcERlc2t0b3AiOiJ2aXNpYmxlIiwiZGVza3RvcFZpc2libGUiOiIxIiwiZGVza3RvcFZpc2libGVIZWlnaHQiOiJhdXRvIiwiZGVza3RvcFdpZHRoIjoiMjAwIiwiZGVza3RvcFdpZHRoSGVpZ2h0IjoiYXV0byIsImRlc2t0b3BIZWlnaHQiOiIyMDAiLCJyZXNwTGFwdG9wIjoidmlzaWJsZSIsImxhcHRvcFZpc2libGUiOiIxIiwibGFwdG9wVmlzaWJsZUhlaWdodCI6ImF1dG8iLCJsYXB0b3BXaWR0aCI6IjIwMCIsImxhcHRvcFdpZHRoSGVpZ2h0IjoiYXV0byIsImxhcHRvcEhlaWdodCI6IjIwMCIsInJlc3BUYWJsZXQiOiJ2aXNpYmxlIiwidGFibGV0VmlzaWJsZSI6IjEiLCJ0YWJsZXRWaXNpYmxlSGVpZ2h0IjoiYXV0byIsInRhYmxldFdpZHRoIjoiMjAwIiwidGFibGV0V2lkdGhIZWlnaHQiOiJhdXRvIiwidGFibGV0SGVpZ2h0IjoiMjAwIiwicmVzcE1vYmlsZSI6InZpc2libGUiLCJtb2JpbGVWaXNpYmxlIjoiMSIsIm1vYmlsZVZpc2libGVIZWlnaHQiOiJhdXRvIiwibW9iaWxlV2lkdGgiOiIyMDAiLCJtb2JpbGVXaWR0aEhlaWdodCI6ImF1dG8iLCJtb2JpbGVIZWlnaHQiOiIyMDAiLCJkaXJlY3Rpb24iOiJsZWZ0IiwiZWZmZWN0Ijoic2xpZGUiLCJlYXNpbmciOiJzd2luZyIsImVhc2luZ1RpbWUiOiI0MDAiLCJzdGVwIjoiMSIsImF1dG8iOiIwIiwicGF1c2VUaW1lIjoiMzAwMCIsInBhdXNlT3ZlciI6IjAiLCJhdXRvc2Nyb2xsIjoiMCIsInNjcm9sbHNwZWVkIjoiMSIsImF1dG9IZWlnaHQiOiIxIiwic2xpZGVHYXAiOiIxIiwibmV4dFByZXYiOiIxIiwiYXJyb3dTdHlsZSI6InN0eWxlMS1ibGFjayIsImFycm93c091dCI6IjAiLCJjaXJjdWxhciI6IjEiLCJtb3VzZVdoZWVsIjoiMCIsInN3aXBlIjoiMCIsImtleXMiOiIwIiwicGFnaW5nIjoiMCIsIndyYXBwZXJfY2xhc3MiOiIiLCJub19jYXJvdXNlbF9tZXNzYWdlIjoiTm8gaW1hZ2VzIGZvdW5kIiwicmFuZG9taXplIjoiMCIsInN1cGVyaGlkZGVuIjoiMCIsImN1c3RvbXJlc3BtaW4iOltdLCJjdXN0b21yZXNwbWF4IjpbXSwiY3VzdG9tcmVzcGJ5IjpbXSwiY3VzdG9tcmVzcHZpc2libGUiOltdLCJjdXN0b21yZXNwd2lkdGgiOltdLCJjdXN0b21yZXNwaGVpZ2h0IjpbXSwiY3VzdG9tcmVzcHZpc2libGVoZWlnaHQiOltdLCJjdXN0b21yZXNwd2lkdGhoZWlnaHQiOltdLCJjYXJvdXNlbGlkIjo3NDUyfQ==\">\n        <div class=\"supercarousel\">\n                            <div>\n                    <div class=\"super_content superelement0\"><div class=\"zitat_text\"><em>\"A great experience, which has left its mark on me personally and professionally, and a path that is far from over. I\u2019m also learning more about it every day and I'm happy to take out my personal documents when I have specific questions! Absolutely recommendable for people who want something more than the usual standard!\"<\/em><\/div>\r\n<div class=\"zitat_name\">Anja Babbe-Wulf, District Manager Assurances<\/div><\/div>                <\/div>\n                            <div>\n                    <div class=\"super_content superelement0\"><div class=\"zitat_text\"><em>\"Compact and challenging training that addresses both personal development and the expansion of methodical competence. The BCA Academy has created a first-class programme which is characterised by the commitment, the many years of experience well as and the know-how of the owners. The experienced and outstanding teamwork of the lecturers and the exchange, feedback and work in the group have provided me with the means for a lot of personal development. Many thanks for that!\"<\/em><\/div>\r\n<div class=\"zitat_name\">Stephan B., Managing Director Financial Services<\/div><\/div>                <\/div>\n                            <div>\n                    <div class=\"super_content superelement0\"><div class=\"zitat_text\">\r\n\r\n<em>\"As with my training as a business coach, I was particularly impressed by the intensity of the training. The participants come for different reasons and of course also bring in their own family topics. It's fascinating what happens in two days! What I could take for myself just by listening! I also thought it was great that so much happened automatically. It wasn't hard, energy-consuming work or anything. Things happen by themselves and work in one. This makes it easy and beautiful and occupies you in an individual and also miraculous way. I also liked how positively exhausted I was one evening. The visualization of family systems was a real aha experience. This transparency! But I also took some things from the family constellation with me on the subject of understanding roles in the family. Defining one's own position in the family is sometimes very surprising!\"<\/em><\/div>\r\n\r\n<div class=\"zitat_name\">\r\n\r\nStephan Kn\u00fcppel, Entrepreneur\r\n\r\n<\/div><\/div>                <\/div>\n                    <\/div>\n        <div class=\"clear\"><\/div>\n                    <a class=\"superprev super_style1-black\" href=\"javascript: void(0);\"><span>prev<\/span><\/a>\n            <a class=\"supernext super_style1-black\" href=\"javascript: void(0);\"><span>next<\/span><\/a>\n                <div class=\"pagination\"><\/div>\n    <\/div>\n[\/vc_column][vc_column width=&#8221;1\/6&#8243;][\/vc_column][\/vc_row][\/vc_section][vc_row][vc_column][templatera id=&#8221;7162&#8243;][\/vc_column][\/vc_row]<\/p>\n<\/div>","protected":false},"excerpt":{"rendered":"<p>[vc_section full_width=&#8221;stretch_row&#8221; css=&#8221;.vc_custom_1490192439950{padding-top: 30px !important;}&#8221;][vc_row el_class=&#8221;content-box&#8221; css=&#8221;.vc_custom_1490380047466{margin-bottom: 50px !important;}&#8221;][vc_column width=&#8221;1\/6&#8243;][\/vc_column][vc_column width=&#8221;4\/6&#8243;][vc_column_text css=&#8221;.vc_custom_1553180353631{margin-bottom: 30px !important;}&#8221;] Coaching dialogues at the workplace \u2013 leading them with confidence and in a solution-oriented way [\/vc_column_text][vc_column_text css=&#8221;.vc_custom_1575485339759{margin-bottom: 20px !important;}&#8221;]This further education programme is designed for newcomers to coaching and employees in positions of trust (e.g. in Human Resources, on the workers\u2019 [&hellip;]<\/p>\n","protected":false},"author":15,"featured_media":4530,"parent":2377,"menu_order":0,"comment_status":"closed","ping_status":"closed","template":"","meta":{"footnotes":""},"class_list":["post-4376","page","type-page","status-publish","has-post-thumbnail","hentry"],"yoast_head":"<!-- This site is optimized with the Yoast SEO plugin v27.4 - https:\/\/yoast.com\/product\/yoast-seo-wordpress\/ -->\n<title>Coaching Knowledge for Beginners - BCA Business Coaching Akademie Hamburg<\/title>\n<meta name=\"description\" content=\"Education &quot;coaching for beginners&quot;: Coaching dialogues at the workplace, confident, solution-oriented. For: newcomers to coaching, employees, works council.\" \/>\n<meta name=\"robots\" content=\"index, follow, max-snippet:-1, max-image-preview:large, max-video-preview:-1\" \/>\n<link rel=\"canonical\" href=\"https:\/\/bca-hamburg.de\/en\/akademie\/coaching-knowledge-for-beginners\/\" \/>\n<meta property=\"og:locale\" content=\"en_US\" \/>\n<meta property=\"og:type\" content=\"article\" \/>\n<meta property=\"og:title\" content=\"Coaching Knowledge for Beginners - BCA Business Coaching Akademie Hamburg\" \/>\n<meta property=\"og:description\" content=\"Education &quot;coaching for beginners&quot;: Coaching dialogues at the workplace, confident, solution-oriented. For: newcomers to coaching, employees, works council.\" \/>\n<meta property=\"og:url\" content=\"https:\/\/bca-hamburg.de\/en\/akademie\/coaching-knowledge-for-beginners\/\" \/>\n<meta property=\"og:site_name\" content=\"BCA Business Coaching Akademie Hamburg\" \/>\n<meta property=\"article:modified_time\" content=\"2024-09-25T13:30:09+00:00\" \/>\n<meta property=\"og:image\" content=\"https:\/\/bca-hamburg.de\/wp-content\/uploads\/2019\/04\/bca-en-coaching-gespraeche-am-arbeitsplatz.jpg\" \/>\n\t<meta property=\"og:image:width\" content=\"1280\" \/>\n\t<meta property=\"og:image:height\" content=\"560\" \/>\n\t<meta property=\"og:image:type\" content=\"image\/jpeg\" \/>\n<meta name=\"twitter:card\" content=\"summary_large_image\" \/>\n<meta name=\"twitter:label1\" content=\"Est. reading time\" \/>\n\t<meta name=\"twitter:data1\" content=\"3 minutes\" \/>\n<script type=\"application\/ld+json\" class=\"yoast-schema-graph\">{\"@context\":\"https:\\\/\\\/schema.org\",\"@graph\":[{\"@type\":\"WebPage\",\"@id\":\"https:\\\/\\\/bca-hamburg.de\\\/en\\\/akademie\\\/coaching-knowledge-for-beginners\\\/\",\"url\":\"https:\\\/\\\/bca-hamburg.de\\\/en\\\/akademie\\\/coaching-knowledge-for-beginners\\\/\",\"name\":\"Coaching Knowledge for Beginners - BCA Business Coaching Akademie Hamburg\",\"isPartOf\":{\"@id\":\"https:\\\/\\\/bca-hamburg.de\\\/#website\"},\"primaryImageOfPage\":{\"@id\":\"https:\\\/\\\/bca-hamburg.de\\\/en\\\/akademie\\\/coaching-knowledge-for-beginners\\\/#primaryimage\"},\"image\":{\"@id\":\"https:\\\/\\\/bca-hamburg.de\\\/en\\\/akademie\\\/coaching-knowledge-for-beginners\\\/#primaryimage\"},\"thumbnailUrl\":\"https:\\\/\\\/bca-hamburg.de\\\/wp-content\\\/uploads\\\/2019\\\/04\\\/bca-en-coaching-gespraeche-am-arbeitsplatz.jpg\",\"datePublished\":\"2019-04-01T07:58:24+00:00\",\"dateModified\":\"2024-09-25T13:30:09+00:00\",\"description\":\"Education \\\"coaching for beginners\\\": Coaching dialogues at the workplace, confident, solution-oriented. For: newcomers to coaching, employees, works council.\",\"breadcrumb\":{\"@id\":\"https:\\\/\\\/bca-hamburg.de\\\/en\\\/akademie\\\/coaching-knowledge-for-beginners\\\/#breadcrumb\"},\"inLanguage\":\"en-US\",\"potentialAction\":[{\"@type\":\"ReadAction\",\"target\":[\"https:\\\/\\\/bca-hamburg.de\\\/en\\\/akademie\\\/coaching-knowledge-for-beginners\\\/\"]}]},{\"@type\":\"ImageObject\",\"inLanguage\":\"en-US\",\"@id\":\"https:\\\/\\\/bca-hamburg.de\\\/en\\\/akademie\\\/coaching-knowledge-for-beginners\\\/#primaryimage\",\"url\":\"https:\\\/\\\/bca-hamburg.de\\\/wp-content\\\/uploads\\\/2019\\\/04\\\/bca-en-coaching-gespraeche-am-arbeitsplatz.jpg\",\"contentUrl\":\"https:\\\/\\\/bca-hamburg.de\\\/wp-content\\\/uploads\\\/2019\\\/04\\\/bca-en-coaching-gespraeche-am-arbeitsplatz.jpg\",\"width\":1280,\"height\":560},{\"@type\":\"BreadcrumbList\",\"@id\":\"https:\\\/\\\/bca-hamburg.de\\\/en\\\/akademie\\\/coaching-knowledge-for-beginners\\\/#breadcrumb\",\"itemListElement\":[{\"@type\":\"ListItem\",\"position\":1,\"name\":\"Startseite\",\"item\":\"https:\\\/\\\/bca-hamburg.de\\\/en\\\/\"},{\"@type\":\"ListItem\",\"position\":2,\"name\":\"Akademie\",\"item\":\"https:\\\/\\\/bca-hamburg.de\\\/en\\\/akademie\\\/\"},{\"@type\":\"ListItem\",\"position\":3,\"name\":\"Coaching Knowledge for Beginners\"}]},{\"@type\":\"WebSite\",\"@id\":\"https:\\\/\\\/bca-hamburg.de\\\/#website\",\"url\":\"https:\\\/\\\/bca-hamburg.de\\\/\",\"name\":\"BCA Business Coaching Akademie Hamburg\",\"description\":\"Bettina Seidel-Whitelaw\",\"potentialAction\":[{\"@type\":\"SearchAction\",\"target\":{\"@type\":\"EntryPoint\",\"urlTemplate\":\"https:\\\/\\\/bca-hamburg.de\\\/?s={search_term_string}\"},\"query-input\":{\"@type\":\"PropertyValueSpecification\",\"valueRequired\":true,\"valueName\":\"search_term_string\"}}],\"inLanguage\":\"en-US\"}]}<\/script>\n<!-- \/ Yoast SEO plugin. -->","yoast_head_json":{"title":"Coaching Knowledge for Beginners - BCA Business Coaching Akademie Hamburg","description":"Education \"coaching for beginners\": Coaching dialogues at the workplace, confident, solution-oriented. For: newcomers to coaching, employees, works council.","robots":{"index":"index","follow":"follow","max-snippet":"max-snippet:-1","max-image-preview":"max-image-preview:large","max-video-preview":"max-video-preview:-1"},"canonical":"https:\/\/bca-hamburg.de\/en\/akademie\/coaching-knowledge-for-beginners\/","og_locale":"en_US","og_type":"article","og_title":"Coaching Knowledge for Beginners - BCA Business Coaching Akademie Hamburg","og_description":"Education \"coaching for beginners\": Coaching dialogues at the workplace, confident, solution-oriented. For: newcomers to coaching, employees, works council.","og_url":"https:\/\/bca-hamburg.de\/en\/akademie\/coaching-knowledge-for-beginners\/","og_site_name":"BCA Business Coaching Akademie Hamburg","article_modified_time":"2024-09-25T13:30:09+00:00","og_image":[{"width":1280,"height":560,"url":"https:\/\/bca-hamburg.de\/wp-content\/uploads\/2019\/04\/bca-en-coaching-gespraeche-am-arbeitsplatz.jpg","type":"image\/jpeg"}],"twitter_card":"summary_large_image","twitter_misc":{"Est. reading time":"3 minutes"},"schema":{"@context":"https:\/\/schema.org","@graph":[{"@type":"WebPage","@id":"https:\/\/bca-hamburg.de\/en\/akademie\/coaching-knowledge-for-beginners\/","url":"https:\/\/bca-hamburg.de\/en\/akademie\/coaching-knowledge-for-beginners\/","name":"Coaching Knowledge for Beginners - BCA Business Coaching Akademie Hamburg","isPartOf":{"@id":"https:\/\/bca-hamburg.de\/#website"},"primaryImageOfPage":{"@id":"https:\/\/bca-hamburg.de\/en\/akademie\/coaching-knowledge-for-beginners\/#primaryimage"},"image":{"@id":"https:\/\/bca-hamburg.de\/en\/akademie\/coaching-knowledge-for-beginners\/#primaryimage"},"thumbnailUrl":"https:\/\/bca-hamburg.de\/wp-content\/uploads\/2019\/04\/bca-en-coaching-gespraeche-am-arbeitsplatz.jpg","datePublished":"2019-04-01T07:58:24+00:00","dateModified":"2024-09-25T13:30:09+00:00","description":"Education \"coaching for beginners\": Coaching dialogues at the workplace, confident, solution-oriented. For: newcomers to coaching, employees, works council.","breadcrumb":{"@id":"https:\/\/bca-hamburg.de\/en\/akademie\/coaching-knowledge-for-beginners\/#breadcrumb"},"inLanguage":"en-US","potentialAction":[{"@type":"ReadAction","target":["https:\/\/bca-hamburg.de\/en\/akademie\/coaching-knowledge-for-beginners\/"]}]},{"@type":"ImageObject","inLanguage":"en-US","@id":"https:\/\/bca-hamburg.de\/en\/akademie\/coaching-knowledge-for-beginners\/#primaryimage","url":"https:\/\/bca-hamburg.de\/wp-content\/uploads\/2019\/04\/bca-en-coaching-gespraeche-am-arbeitsplatz.jpg","contentUrl":"https:\/\/bca-hamburg.de\/wp-content\/uploads\/2019\/04\/bca-en-coaching-gespraeche-am-arbeitsplatz.jpg","width":1280,"height":560},{"@type":"BreadcrumbList","@id":"https:\/\/bca-hamburg.de\/en\/akademie\/coaching-knowledge-for-beginners\/#breadcrumb","itemListElement":[{"@type":"ListItem","position":1,"name":"Startseite","item":"https:\/\/bca-hamburg.de\/en\/"},{"@type":"ListItem","position":2,"name":"Akademie","item":"https:\/\/bca-hamburg.de\/en\/akademie\/"},{"@type":"ListItem","position":3,"name":"Coaching Knowledge for Beginners"}]},{"@type":"WebSite","@id":"https:\/\/bca-hamburg.de\/#website","url":"https:\/\/bca-hamburg.de\/","name":"BCA Business Coaching Akademie Hamburg","description":"Bettina Seidel-Whitelaw","potentialAction":[{"@type":"SearchAction","target":{"@type":"EntryPoint","urlTemplate":"https:\/\/bca-hamburg.de\/?s={search_term_string}"},"query-input":{"@type":"PropertyValueSpecification","valueRequired":true,"valueName":"search_term_string"}}],"inLanguage":"en-US"}]}},"_links":{"self":[{"href":"https:\/\/bca-hamburg.de\/en\/wp-json\/wp\/v2\/pages\/4376","targetHints":{"allow":["GET"]}}],"collection":[{"href":"https:\/\/bca-hamburg.de\/en\/wp-json\/wp\/v2\/pages"}],"about":[{"href":"https:\/\/bca-hamburg.de\/en\/wp-json\/wp\/v2\/types\/page"}],"author":[{"embeddable":true,"href":"https:\/\/bca-hamburg.de\/en\/wp-json\/wp\/v2\/users\/15"}],"replies":[{"embeddable":true,"href":"https:\/\/bca-hamburg.de\/en\/wp-json\/wp\/v2\/comments?post=4376"}],"version-history":[{"count":10,"href":"https:\/\/bca-hamburg.de\/en\/wp-json\/wp\/v2\/pages\/4376\/revisions"}],"predecessor-version":[{"id":10952,"href":"https:\/\/bca-hamburg.de\/en\/wp-json\/wp\/v2\/pages\/4376\/revisions\/10952"}],"up":[{"embeddable":true,"href":"https:\/\/bca-hamburg.de\/en\/wp-json\/wp\/v2\/pages\/2377"}],"wp:featuredmedia":[{"embeddable":true,"href":"https:\/\/bca-hamburg.de\/en\/wp-json\/wp\/v2\/media\/4530"}],"wp:attachment":[{"href":"https:\/\/bca-hamburg.de\/en\/wp-json\/wp\/v2\/media?parent=4376"}],"curies":[{"name":"wp","href":"https:\/\/api.w.org\/{rel}","templated":true}]}}